{"id":2,"date":"2020-05-20T11:31:31","date_gmt":"2020-05-20T09:31:31","guid":{"rendered":"http:\/\/www.reinigunginleipzig.de\/?page_id=2"},"modified":"2021-01-06T15:13:36","modified_gmt":"2021-01-06T14:13:36","slug":"beispiel-seite","status":"publish","type":"page","link":"http:\/\/www.reinigunginleipzig.de\/","title":{"rendered":"HAUS &#038; GARTEN SERVICE"},"content":{"rendered":"\n<p class=\"has-medium-font-size\">Wir reinigen ihre R\u00e4ume regelm\u00e4\u00dfig und zuverl\u00e4ssig. Bei uns gibt es keinen Ausfall durch Krankheit oder Urlaub. Egal ob&nbsp;Privathaushalt&nbsp;oder&nbsp;Gewerber\u00e4ume. Auf uns ist Verlass.<\/p>\n","protected":false},"excerpt":{"rendered":"<p>Wir reinigen ihre R\u00e4ume regelm\u00e4\u00dfig und zuverl\u00e4ssig. Bei uns gibt es keinen Ausfall durch Krankheit oder Urlaub. Egal ob&nbsp;Privathaushalt&nbsp;oder&nbsp;Gewerber\u00e4ume. Auf uns ist Verlass.<\/p>\n","protected":false},"author":1,"featured_media":29,"parent":0,"menu_order":0,"comment_status":"closed","ping_status":"open","template":"template-homepage.php","meta":[],"_links":{"self":[{"href":"http:\/\/www.reinigunginleipzig.de\/index.php?rest_route=\/wp\/v2\/pages\/2"}],"collection":[{"href":"http:\/\/www.reinigunginleipzig.de\/index.php?rest_route=\/wp\/v2\/pages"}],"about":[{"href":"http:\/\/www.reinigunginleipzig.de\/index.php?rest_route=\/wp\/v2\/types\/page"}],"author":[{"embeddable":true,"href":"http:\/\/www.reinigunginleipzig.de\/index.php?rest_route=\/wp\/v2\/users\/1"}],"replies":[{"embeddable":true,"href":"http:\/\/www.reinigunginleipzig.de\/index.php?rest_route=%2Fwp%2Fv2%2Fcomments&post=2"}],"version-history":[{"count":10,"href":"http:\/\/www.reinigunginleipzig.de\/index.php?rest_route=\/wp\/v2\/pages\/2\/revisions"}],"predecessor-version":[{"id":82,"href":"http:\/\/www.reinigunginleipzig.de\/index.php?rest_route=\/wp\/v2\/pages\/2\/revisions\/82"}],"wp:featuredmedia":[{"embeddable":true,"href":"http:\/\/www.reinigunginleipzig.de\/index.php?rest_route=\/wp\/v2\/media\/29"}],"wp:attachment":[{"href":"http:\/\/www.reinigunginleipzig.de\/index.php?rest_route=%2Fwp%2Fv2%2Fmedia&parent=2"}],"curies":[{"name":"wp","href":"https:\/\/api.w.org\/{rel}","templated":true}]}}